{"id":1641,"date":"2022-03-23T23:01:15","date_gmt":"2022-03-23T22:01:15","guid":{"rendered":"https:\/\/auberge-reillanne.fr\/?page_id=1641"},"modified":"2022-05-06T09:53:31","modified_gmt":"2022-05-06T07:53:31","slug":"menu","status":"publish","type":"page","link":"https:\/\/auberge-reillanne.fr\/en\/menu\/","title":{"rendered":"Menu"},"content":{"rendered":"<div class=\"wpb-content-wrapper\"><div class=\"vc_row wpb_row vc_row-fluid vc_custom_1648071279963 vc_row-o-equal-height vc_row-flex\"><div class=\"wpb_column vc_column_container vc_col-sm-12\"><div class=\"vc_column-inner vc_custom_1648071085238\"><div class=\"wpb_wrapper\"><div id=\"ultimate-heading-468769d4ee22ecaa2\" class=\"uvc-heading ult-adjust-bottom-margin ultimate-heading-468769d4ee22ecaa2 uvc-236\" data-hspacer=\"line_with_icon\" data-hline_width=\"80\" data-hicon_type=\"selector\" data-hborder_style=\"double\" data-hborder_height=\"3\" data-hborder_color=\"rgba(0,0,0,0.15)\" data-icon_width=\"10\" data-hfixer=\"10\"  data-halign=\"center\" style=\"text-align:center\"><div class=\"uvc-main-heading ult-responsive\"  data-ultimate-target='.uvc-heading.ultimate-heading-468769d4ee22ecaa2 h2'  data-responsive-json-new='{\"font-size\":\"desktop:60px;tablet:60px;tablet_portrait:40px;mobile_landscape:40px;mobile:40px;\",\"line-height\":\"desktop:65px;tablet:65px;tablet_portrait:45px;mobile_landscape:45px;mobile:45px;\"}' ><h2 style=\"font-family:&#039;Great Vibes&#039;;--font-weight:theme;color:#aaaaaa;margin-bottom:5px;\">D\u00e9couvrez nos<\/h2><\/div><div class=\"uvc-sub-heading ult-responsive\"  data-ultimate-target='.uvc-heading.ultimate-heading-468769d4ee22ecaa2 .uvc-sub-heading '  data-responsive-json-new='{\"font-size\":\"desktop:50px;tablet:50px;tablet_portrait:35px;mobile_landscape:35px;mobile:35px;\",\"line-height\":\"desktop:55px;tablet:55px;tablet_portrait:40px;mobile_landscape:40px;mobile:40px;\"}'  style=\"font-family:&#039;Poppins&#039;;font-weight:normal;color:#303030;\">MENUS DU JOUR<\/div><div class=\"uvc-heading-spacer line_with_icon\" style=\"margin-top:15px;height:10px;\"><div class=\"ult-just-icon-wrapper\"><div class=\"align-icon\" style=\"text-align:center;\">\n<div class=\"aio-icon none\"  style=\"color:rgba(0,0,0,0.25);font-size:10px;display:inline-block;\">\n\t<i class=\"icomoon-free-social-contact-16x16-svg\"><\/i>\n<\/div><\/div><\/div><\/div><\/div><div class=\"vc_empty_space\"   style=\"height: 30px\"><span class=\"vc_empty_space_inner\"><\/span><\/div><\/div><\/div><\/div><\/div><!-- Row Backgrounds --><div class=\"upb_color\" data-bg-override=\"ex-full\" data-bg-color=\"#f4f4f4\" data-fadeout=\"\" data-fadeout-percentage=\"30\" data-parallax-content=\"\" data-parallax-content-sense=\"30\" data-row-effect-mobile-disable=\"true\" data-img-parallax-mobile-disable=\"true\" data-rtl=\"false\"  data-custom-vc-row=\"\"  data-vc=\"8.7.2\"  data-is_old_vc=\"\"  data-theme-support=\"\"   data-overlay=\"false\" data-overlay-color=\"\" data-overlay-pattern=\"\" data-overlay-pattern-opacity=\"\" data-overlay-pattern-size=\"\"    ><\/div><div class=\"vc_row wpb_row vc_row-fluid vc_custom_1648072313002 vc_column-gap-30 vc_row-o-equal-height vc_row-flex\"><div class=\"wpb_column vc_column_container vc_col-sm-2\"><div class=\"vc_column-inner\"><div class=\"wpb_wrapper\"><\/div><\/div><\/div><div class=\"wpb_column vc_column_container vc_col-sm-8\"><div class=\"vc_column-inner\"><div class=\"wpb_wrapper\"><div class=\"vc_empty_space\"   style=\"height: 50px\"><span class=\"vc_empty_space_inner\"><\/span><\/div>\n\t<div class=\"wpb_text_column wpb_content_element\" >\n\t\t<div class=\"wpb_wrapper\">\n\t\t\t<p>Nous vous proposons deux menus au choix :<\/p>\n<p><strong>Menu \u00ab D\u00e9couverte \u00bb<\/strong> en 3 plats au choix \u00e0 50\u20ac.<br \/>\n<strong>Menu \u00ab En Confiance \u00bb<\/strong> en 5 plats compos\u00e9 par le chef \u00e0 75\u20ac.<\/p>\n<p>Par soucis du d\u00e9tail, il est conseill\u00e9 de choisir le m\u00eame nombre de plats pour l\u2019ensemble de la table.<\/p>\n<p>Les pr\u00e9parations sont compos\u00e9es de produits de saisons et essentiellement achaland\u00e9 par des producteurs locaux :<\/p>\n<p>\u00ab Boucherie Megy \u00bb (Cereste)<br \/>\nLegumes de Sandra Bukwoski (Lurs)<br \/>\nLe primeur \u00ab Caillebotte\u00bb (Apt)<br \/>\nLe glacier \u00ab Scaramouche \u00bb (la Brillanne)<br \/>\nLa fromagerie de Banon<br \/>\nPoissonerie Venzal (Peyruis)<br \/>\nLe miel de Martinne Boudot<br \/>\nYaourt de brebis de Lili et Mathias (Monjustin)<br \/>\nFerme de la Buissi\u00e8re (Reillanne)<br \/>\nLe Fournil de l\u2019Encr\u00eame\u00a0 (Cereste)<\/p>\n\n\t\t<\/div>\n\t<\/div>\n<div class=\"vc_empty_space\"   style=\"height: 50px\"><span class=\"vc_empty_space_inner\"><\/span><\/div>\n\t<div class=\"wpb_text_column wpb_content_element\" >\n\t\t<div class=\"wpb_wrapper\">\n\t\t\t<p style=\"text-align: center;\"><strong>Notre Menu \u00ab D\u00e9couverte \u00bb<\/strong><\/p>\n<div>Asperges cuitent au bouillon de volaille, mayonnaise l\u00e9g\u00e8re citronn\u00e9e et caramel amer, feuillet\u00e9 au parmesan.<\/div>\n<div>\u00a0 \u00a0 \u00a0 \u00a0 \u00a0 \u00a0 \u00a0 \u00a0 \u00a0 \u00a0 \u00a0 \u00a0 \u00a0 \u00a0 \u00a0 \u00a0 \u00a0 \u00a0 \u00a0 \u00a0 \u00a0 \u00a0 \u00a0 ou<\/div>\n<div>Salade feuille de ch\u00eane assaisonn\u00e9e d\u2019huile d\u2019olives et de jus de citrons, anguille fum\u00e9e, oignons rouges et ail des ours, servie sur une cr\u00e8me d&rsquo;ortie.<\/div>\n<div><\/div>\n<div>\u00a0 \u00a0 \u00a0 \u00a0 \u00a0 \u00a0 \u00a0 \u00a0 \u00a0 \u00a0 \u00a0 \u00a0 \u00a0 \u00a0 \u00a0 \u00a0 \u00a0 \u00a0 \u00a0 \u00a0 \u00a0 \u00a0 \u00a0 ou<\/div>\n<div>Tartare de b\u0153uf et riz noir croustillant assaisonn\u00e9 d\u2019huile piment\u00e9e et de sauce soja, fromage de ch\u00e8vre frais, julienne de betteraves et cerfeuil.<\/div>\n<div><\/div>\n<div>&#8212;<\/div>\n<div><\/div>\n<div>Blanquette de veau aux champignons d&rsquo;automne et ses l\u00e9gumes printanier.<\/div>\n<div>\u00a0 \u00a0 \u00a0 \u00a0 \u00a0 \u00a0 \u00a0 \u00a0 \u00a0 \u00a0 \u00a0 \u00a0 \u00a0 \u00a0 \u00a0 \u00a0 \u00a0 \u00a0 \u00a0 \u00a0 \u00a0 \u00a0 \u00a0 ou<\/div>\n<div>Skrei po\u00eal\u00e9 au beurre, \u00e9cras\u00e9 de pommes de terre nouvelles aux agrumes et coques, lait de coco de la mer infus\u00e9 au thym frais.<\/div>\n<div>\u00a0 \u00a0 \u00a0 \u00a0 \u00a0 \u00a0 \u00a0 \u00a0 \u00a0 \u00a0 \u00a0 \u00a0 \u00a0 \u00a0 \u00a0 \u00a0 \u00a0 \u00a0 \u00a0 \u00a0 \u00a0 \u00a0 \u00a0 ou<\/div>\n<div>Poireaux grill\u00e9s et pommes paille, sauces aux poivres \u00e0 base de bouillon de l\u00e9gumes et de cr\u00e8me fraiche, \u00e9chalotes vinaigr\u00e9es.<\/div>\n<div><\/div>\n<div>&#8212;<\/div>\n<div><\/div>\n<div>Mousse au chocolat et sa glace vanille o\u00f9 chocolat? Attention l\u2019assiette est chaude !<\/div>\n<div>\u00a0 \u00a0 \u00a0 \u00a0 \u00a0 \u00a0 \u00a0 \u00a0 \u00a0 \u00a0 \u00a0 \u00a0 \u00a0 \u00a0 \u00a0 \u00a0 \u00a0 \u00a0 \u00a0 \u00a0 \u00a0 \u00a0 \u00a0 ou<\/div>\n<div>Cubes de mangues et fruits de la passion, crumble au citron vert et cacao, caramel au beurre sal\u00e9, mousse de yaourt de brebis.<\/div>\n\n\t\t<\/div>\n\t<\/div>\n<div class=\"ult-spacer spacer-69d4ee22ed30b\" data-id=\"69d4ee22ed30b\" data-height=\"60\" data-height-mobile=\"20\" data-height-tab=\"40\" data-height-tab-portrait=\"40\" data-height-mobile-landscape=\"20\" style=\"clear:both;display:block;\"><\/div><\/div><\/div><\/div><div class=\"wpb_column vc_column_container vc_col-sm-2\"><div class=\"vc_column-inner\"><div class=\"wpb_wrapper\"><\/div><\/div><\/div><\/div><div class=\"vc_row wpb_row vc_row-fluid\"><div class=\"wpb_column vc_column_container vc_col-sm-2\"><div class=\"vc_column-inner\"><div class=\"wpb_wrapper\"><\/div><\/div><\/div><div class=\"wpb_column vc_column_container vc_col-sm-8\"><div class=\"vc_column-inner\"><div class=\"wpb_wrapper\"><div class=\"vc_empty_space\"   style=\"height: 80px\"><span class=\"vc_empty_space_inner\"><\/span><\/div><div id=\"ultimate-heading-317169d4ee22ed6d7\" class=\"uvc-heading ult-adjust-bottom-margin ultimate-heading-317169d4ee22ed6d7 uvc-9155\" data-hspacer=\"line_with_icon\" data-hline_width=\"80\" data-hicon_type=\"selector\" data-hborder_style=\"double\" data-hborder_height=\"3\" data-hborder_color=\"#aaaaaa\" data-icon_width=\"10\" data-hfixer=\"10\"  data-halign=\"center\" style=\"text-align:center\"><div class=\"uvc-sub-heading ult-responsive\"  data-ultimate-target='.uvc-heading.ultimate-heading-317169d4ee22ed6d7 .uvc-sub-heading '  data-responsive-json-new='{\"font-size\":\"desktop:30px;\",\"line-height\":\"desktop:35px;\"}'  style=\"font-family:&#039;Poppins&#039;;font-weight:normal;color:#303030;margin-top:-5px;\">YOUR ONLINE RESERVATION<\/div><div class=\"uvc-heading-spacer line_with_icon\" style=\"margin-top:5px;margin-bottom:35px;height:10px;\"><div class=\"ult-just-icon-wrapper\"><div class=\"align-icon\" style=\"text-align:center;\">\n<div class=\"aio-icon none\"  style=\"color:#aaaaaa;font-size:10px;display:inline-block;\">\n\t<i class=\"icomoon-free-social-contact-16x16-svg\"><\/i>\n<\/div><\/div><\/div><\/div><\/div>\n\t<div class=\"wpb_text_column wpb_content_element\" >\n\t\t<div class=\"wpb_wrapper\">\n\t\t\t\n<div class=\"wpcf7 no-js\" id=\"wpcf7-f1277-o1\" lang=\"de-DE\" dir=\"ltr\" data-wpcf7-id=\"1277\">\n<div class=\"screen-reader-response\"><p role=\"status\" aria-live=\"polite\" aria-atomic=\"true\"><\/p> <ul><\/ul><\/div>\n<form action=\"\/en\/wp-json\/wp\/v2\/pages\/1641#wpcf7-f1277-o1\" method=\"post\" class=\"wpcf7-form init\" aria-label=\"Kontaktformular\" novalidate=\"novalidate\" data-status=\"init\" data-trp-original-action=\"\/en\/wp-json\/wp\/v2\/pages\/1641#wpcf7-f1277-o1\">\n<fieldset class=\"hidden-fields-container\"><input type=\"hidden\" name=\"_wpcf7\" value=\"1277\" \/><input type=\"hidden\" name=\"_wpcf7_version\" value=\"6.1.5\" \/><input type=\"hidden\" name=\"_wpcf7_locale\" value=\"de_DE\" \/><input type=\"hidden\" name=\"_wpcf7_unit_tag\" value=\"wpcf7-f1277-o1\" \/><input type=\"hidden\" name=\"_wpcf7_container_post\" value=\"0\" \/><input type=\"hidden\" name=\"_wpcf7_posted_data_hash\" value=\"\" \/>\n<\/fieldset>\n<p><label> Name (mandatory)<br \/>\n<span class=\"wpcf7-form-control-wrap\" data-name=\"your-name\"><input size=\"40\" maxlength=\"400\" class=\"wpcf7-form-control wpcf7-text wpcf7-validates-as-required\" aria-required=\"true\" aria-invalid=\"false\" value=\"\" type=\"text\" name=\"your-name\" \/><\/span> <\/label>\n<\/p>\n<p><label> Email Address (mandatory)<br \/>\n<span class=\"wpcf7-form-control-wrap\" data-name=\"your-email\"><input size=\"40\" maxlength=\"400\" class=\"wpcf7-form-control wpcf7-email wpcf7-validates-as-required wpcf7-text wpcf7-validates-as-email\" aria-required=\"true\" aria-invalid=\"false\" value=\"\" type=\"email\" name=\"your-email\" \/><\/span> <\/label>\n<\/p>\n<p><label> Phone number<br \/>\n<span class=\"wpcf7-form-control-wrap\" data-name=\"telephone\"><input size=\"40\" maxlength=\"400\" class=\"wpcf7-form-control wpcf7-tel wpcf7-text wpcf7-validates-as-tel\" aria-invalid=\"false\" value=\"\" type=\"tel\" name=\"telephone\" \/><\/span> <\/label>\n<\/p>\n<p><label> Your reservation (please state the date, time and number of guests)<br \/>\n<span class=\"wpcf7-form-control-wrap\" data-name=\"your-message\"><textarea cols=\"40\" rows=\"10\" maxlength=\"2000\" class=\"wpcf7-form-control wpcf7-textarea restocontact\" aria-invalid=\"false\" name=\"your-message\"><\/textarea><\/span> <\/label>\n<\/p>\n<p><input class=\"wpcf7-form-control wpcf7-submit has-spinner\" type=\"submit\" value=\"Send\" \/>\n<\/p><div class=\"wpcf7-response-output\" aria-hidden=\"true\"><\/div>\n<input type=\"hidden\" name=\"trp-form-language\" value=\"en\"\/><\/form>\n<\/div>\n\n\n\t\t<\/div>\n\t<\/div>\n<div class=\"ult-spacer spacer-69d4ee22f0600\" data-id=\"69d4ee22f0600\" data-height=\"60\" data-height-mobile=\"20\" data-height-tab=\"40\" data-height-tab-portrait=\"40\" data-height-mobile-landscape=\"20\" style=\"clear:both;display:block;\"><\/div><\/div><\/div><\/div><div class=\"wpb_column vc_column_container vc_col-sm-2\"><div class=\"vc_column-inner\"><div class=\"wpb_wrapper\"><\/div><\/div><\/div><\/div><!-- Row Backgrounds --><div class=\"upb_color\" data-bg-override=\"ex-full\" data-bg-color=\"#f4f4f4\" data-fadeout=\"\" data-fadeout-percentage=\"30\" data-parallax-content=\"\" data-parallax-content-sense=\"30\" data-row-effect-mobile-disable=\"true\" data-img-parallax-mobile-disable=\"true\" data-rtl=\"false\"  data-custom-vc-row=\"\"  data-vc=\"8.7.2\"  data-is_old_vc=\"\"  data-theme-support=\"\"   data-overlay=\"false\" data-overlay-color=\"\" data-overlay-pattern=\"\" data-overlay-pattern-opacity=\"\" data-overlay-pattern-size=\"\"    ><\/div><div data-vc-full-width=\"true\" data-vc-full-width-temp=\"true\" data-vc-full-width-init=\"false\" class=\"vc_row wpb_row vc_row-fluid vc_custom_1604169503886 vc_row-has-fill\"><div class=\"wpb_column vc_column_container vc_col-sm-12\"><div class=\"vc_column-inner vc_custom_1460570299912\"><div class=\"wpb_wrapper\">\n\t<div  class=\"wpb_single_image wpb_content_element vc_align_center  vc_custom_1608580705052\">\n\t\t\n\t\t<figure class=\"wpb_wrapper vc_figure\">\n\t\t\t<div class=\"vc_single_image-wrapper   vc_box_border_grey\"><img decoding=\"async\" class=\"vc_single_image-img\" src=\"https:\/\/auberge-reillanne.fr\/wp-content\/uploads\/2020\/12\/auberge-reillanne-logo-12-2020.png\" width=\"138\" height=\"80\" alt=\"L&#039;Auberge de Reillanne Logo 12-2020\" title=\"L&#039;Auberge de Reillanne Logo 12-2020\" loading=\"lazy\"  data-dt-location=\"https:\/\/auberge-reillanne.fr\/en\/auberge-reillanne-logo-12-2020\/\" \/><\/div>\n\t\t<\/figure>\n\t<\/div>\n\n\t<div class=\"wpb_text_column wpb_content_element\" >\n\t\t<div class=\"wpb_wrapper\">\n\t\t\t<p style=\"text-align: center;\"><span style=\"color: #ffffff;\"><strong>Info and reservation:<\/strong><\/span><\/p>\n\n\t\t<\/div>\n\t<\/div>\n<\/div><\/div><\/div><div class=\"wpb_column vc_column_container vc_col-sm-12 vc_col-lg-offset-1 vc_col-lg-10 vc_col-md-offset-1 vc_col-md-10 vc_col-sm-offset-0\"><div class=\"vc_column-inner vc_custom_1591875590919\"><div class=\"wpb_wrapper\"><div class=\"vc_row wpb_row vc_inner vc_row-fluid\"><div class=\"wpb_column vc_column_container vc_col-sm-4\"><div class=\"vc_column-inner vc_custom_1461332837092\"><div class=\"wpb_wrapper\"><div id=\"ultimate-heading-238669d4ee22f17aa\" class=\"uvc-heading ult-adjust-bottom-margin ultimate-heading-238669d4ee22f17aa uvc-1520\" data-hspacer=\"no_spacer\"  data-halign=\"center\" style=\"text-align:center\"><div class=\"uvc-heading-spacer no_spacer\" style=\"top\"><\/div><div class=\"uvc-sub-heading ult-responsive\"  data-ultimate-target='.uvc-heading.ultimate-heading-238669d4ee22f17aa .uvc-sub-heading '  data-responsive-json-new='{\"font-size\":\"desktop:15px;\",\"line-height\":\"desktop:22px;\"}'  style=\"font-family:&#039;Poppins&#039;;font-weight:normal;font-style:normal;color:#ffffff;\"><\/p>\n<p style=\"text-align: center;\">Auberge de Reillanne<\/p>\n<p style=\"text-align: center;\">Lieu-dit Le Pigeonnier<\/p>\n<p style=\"text-align: center;\">04110 Reillanne<\/p>\n<p><\/div><\/div><\/div><\/div><\/div><div class=\"wpb_column vc_column_container vc_col-sm-4\"><div class=\"vc_column-inner vc_custom_1461332842664\"><div class=\"wpb_wrapper\"><div id=\"ultimate-heading-887269d4ee22f1878\" class=\"uvc-heading ult-adjust-bottom-margin ultimate-heading-887269d4ee22f1878 uvc-7413\" data-hspacer=\"no_spacer\"  data-halign=\"center\" style=\"text-align:center\"><div class=\"uvc-heading-spacer no_spacer\" style=\"top\"><\/div><div class=\"uvc-sub-heading ult-responsive\"  data-ultimate-target='.uvc-heading.ultimate-heading-887269d4ee22f1878 .uvc-sub-heading '  data-responsive-json-new='{\"font-size\":\"desktop:15px;\",\"line-height\":\"desktop:22px;\"}'  style=\"font-family:&#039;Poppins&#039;;font-weight:normal;font-style:normal;color:#ffffff;\"><\/p>\n<p style=\"text-align: center;\">L&rsquo;Auberge est ouverte 7\/7.<\/p>\n<p style=\"text-align: center;\">Le restaurant est ouvert du mardi au vendredi de 19h30 \u00e0 21h, samedi de 12h \u00e0 14h et 19h30 \u00e0 21h et le dimanche de 12h \u00e0 14h.<\/p>\n<p><\/div><\/div><\/div><\/div><\/div><div class=\"wpb_column vc_column_container vc_col-sm-4\"><div class=\"vc_column-inner vc_custom_1461332847822\"><div class=\"wpb_wrapper\"><div id=\"ultimate-heading-297269d4ee22f193b\" class=\"uvc-heading ult-adjust-bottom-margin ultimate-heading-297269d4ee22f193b uvc-9470\" data-hspacer=\"no_spacer\"  data-halign=\"center\" style=\"text-align:center\"><div class=\"uvc-heading-spacer no_spacer\" style=\"top\"><\/div><div class=\"uvc-sub-heading ult-responsive\"  data-ultimate-target='.uvc-heading.ultimate-heading-297269d4ee22f193b .uvc-sub-heading '  data-responsive-json-new='{\"font-size\":\"desktop:15px;\",\"line-height\":\"desktop:22px;\"}'  style=\"font-family:&#039;Poppins&#039;;font-weight:normal;font-style:normal;color:#ffffff;\"><\/p>\n<p style=\"text-align: center;\">+33 (0) 4 92 72 25 93<\/p>\n<p style=\"text-align: center;\">info@auberge-reillanne.fr<\/p>\n<p style=\"text-align: center;\"><strong>The restaurant is closed on monday.<\/strong><\/p>\n<p><\/div><\/div><\/div><\/div><\/div><\/div><\/div><\/div><\/div><div class=\"wpb_column vc_column_container vc_col-sm-12\"><div class=\"vc_column-inner vc_custom_1591875677518\"><div class=\"wpb_wrapper\"><div class=\"uavc-icons-center uavc-icons\">\n<a class=\"aio-tooltip 69d4ee22f1aa9\" href=\"https:\/\/www.facebook.com\/victor.auberge.reillanne\" title=\"Instagram\" target=\"_blank\" rel=\"nofollow noopener\"  data-toggle=\"tooltip\" data-placement=\"\"><div class=\"aio-icon circle\" data-animation=\"\" data-animation-delay=\"03\" style=\"color:#a32f20;background:#f7f7f7;font-size:18px;margin-right:5px;\">\n\t<i class=\"icomoon-free-social-contact-16x16-facebook\"><\/i>\n<\/div><\/a>\n<a class=\"aio-tooltip 69d4ee22f1ac7\" href=\"https:\/\/www.instagram.com\/aubergedereillanne\/\" title=\"Instagram\" target=\"_blank\" rel=\"nofollow noopener\"  data-toggle=\"tooltip\" data-placement=\"\"><div class=\"aio-icon circle\" data-animation=\"\" data-animation-delay=\"03\" style=\"color:#a32f20;background:#f7f7f7;font-size:18px;margin-right:5px;\">\n\t<i class=\"icomoon-free-social-contact-16x16-instagram\"><\/i>\n<\/div><\/a>\n<a class=\"aio-tooltip 69d4ee22f1adb\" href=\"https:\/\/www.tripadvisor.fr\/Restaurant_Review-g315827-d23098623-Reviews-L_auberge_De_Reillanne-Reillanne_Luberon_Vaucluse_Provence_Alpes_Cote_d_Azur.html\" title=\"Tripadvisor\" target=\"_blank\" rel=\"nofollow noopener\"  data-toggle=\"tooltip\" data-placement=\"\"><div class=\"aio-icon circle\" data-animation=\"\" data-animation-delay=\"03\" style=\"color:#a32f20;background:#f7f7f7;font-size:18px;margin-right:5px;\">\n\t<i class=\"icomoon-the7-font-tripadvisor\"><\/i>\n<\/div><\/a>\n<a class=\"aio-tooltip 69d4ee22f1aed\" href=\"https:\/\/www.booking.com\/hotel\/fr\/l-39-auberge-de-reillanne.fr.html?aid=356980\" title=\"Booking\" target=\"_blank\" rel=\"nofollow noopener\"  data-toggle=\"tooltip\" data-placement=\"\"><div class=\"aio-icon circle\" data-animation=\"\" data-animation-delay=\"03\" style=\"color:#a32f20;background:#f7f7f7;font-size:18px;margin-right:5px;\">\n\t<i class=\"icomoon-the7-font-the7-home-02\"><\/i>\n<\/div><\/a><\/div><\/div><\/div><\/div><\/div><div class=\"vc_row-full-width vc_clearfix\"><\/div>\n<\/div>","protected":false},"excerpt":{"rendered":"<p>D\u00e9couvrez nosMENUS DU JOUR Nous vous proposons deux menus au choix : Menu \u00ab D\u00e9couverte \u00bb en 3 plats au choix \u00e0 50\u20ac. Menu \u00ab En Confiance \u00bb en 5 plats compos\u00e9 par le chef \u00e0 75\u20ac. Par soucis du d\u00e9tail, il est conseill\u00e9 de choisir le m\u00eame nombre de plats pour l\u2019ensemble de la&hellip;<\/p>","protected":false},"author":1,"featured_media":0,"parent":0,"menu_order":0,"comment_status":"closed","ping_status":"closed","template":"","meta":{"footnotes":""},"class_list":["post-1641","page","type-page","status-publish","hentry","description-off"],"yoast_head":"<!-- This site is optimized with the Yoast SEO plugin v27.3 - https:\/\/yoast.com\/product\/yoast-seo-wordpress\/ -->\n<title>Decouvrez notre Menu | Auberge de Reillanne<\/title>\n<meta name=\"robots\" content=\"index, follow, max-snippet:-1, max-image-preview:large, max-video-preview:-1\" \/>\n<link rel=\"canonical\" href=\"https:\/\/auberge-reillanne.fr\/en\/menu\/\" \/>\n<meta property=\"og:locale\" content=\"en_GB\" \/>\n<meta property=\"og:type\" content=\"article\" \/>\n<meta property=\"og:title\" content=\"Decouvrez notre Menu | Auberge de Reillanne\" \/>\n<meta property=\"og:url\" content=\"https:\/\/auberge-reillanne.fr\/en\/menu\/\" \/>\n<meta property=\"og:site_name\" content=\"L&#039;auberge de Reillanne\" \/>\n<meta property=\"article:modified_time\" content=\"2022-05-06T07:53:31+00:00\" \/>\n<meta name=\"twitter:card\" content=\"summary_large_image\" \/>\n<script type=\"application\/ld+json\" class=\"yoast-schema-graph\">{\"@context\":\"https:\\\/\\\/schema.org\",\"@graph\":[{\"@type\":\"WebPage\",\"@id\":\"https:\\\/\\\/auberge-reillanne.fr\\\/menu\\\/\",\"url\":\"https:\\\/\\\/auberge-reillanne.fr\\\/menu\\\/\",\"name\":\"Decouvrez notre Menu | Auberge de Reillanne\",\"isPartOf\":{\"@id\":\"https:\\\/\\\/auberge-reillanne.fr\\\/#website\"},\"datePublished\":\"2022-03-23T22:01:15+00:00\",\"dateModified\":\"2022-05-06T07:53:31+00:00\",\"breadcrumb\":{\"@id\":\"https:\\\/\\\/auberge-reillanne.fr\\\/menu\\\/#breadcrumb\"},\"inLanguage\":\"en-GB\",\"potentialAction\":[{\"@type\":\"ReadAction\",\"target\":[\"https:\\\/\\\/auberge-reillanne.fr\\\/menu\\\/\"]}]},{\"@type\":\"BreadcrumbList\",\"@id\":\"https:\\\/\\\/auberge-reillanne.fr\\\/menu\\\/#breadcrumb\",\"itemListElement\":[{\"@type\":\"ListItem\",\"position\":1,\"name\":\"Accueil\",\"item\":\"https:\\\/\\\/auberge-reillanne.fr\\\/\"},{\"@type\":\"ListItem\",\"position\":2,\"name\":\"Menu\"}]},{\"@type\":\"WebSite\",\"@id\":\"https:\\\/\\\/auberge-reillanne.fr\\\/#website\",\"url\":\"https:\\\/\\\/auberge-reillanne.fr\\\/\",\"name\":\"Auberge de Reillanne\",\"description\":\"Restaurant et Chambres d&#039;H\u00f4tes\",\"publisher\":{\"@id\":\"https:\\\/\\\/auberge-reillanne.fr\\\/#organization\"},\"potentialAction\":[{\"@type\":\"SearchAction\",\"target\":{\"@type\":\"EntryPoint\",\"urlTemplate\":\"https:\\\/\\\/auberge-reillanne.fr\\\/?s={search_term_string}\"},\"query-input\":{\"@type\":\"PropertyValueSpecification\",\"valueRequired\":true,\"valueName\":\"search_term_string\"}}],\"inLanguage\":\"en-GB\"},{\"@type\":\"Organization\",\"@id\":\"https:\\\/\\\/auberge-reillanne.fr\\\/#organization\",\"name\":\"Auberge de Reillanne\",\"url\":\"https:\\\/\\\/auberge-reillanne.fr\\\/\",\"logo\":{\"@type\":\"ImageObject\",\"inLanguage\":\"en-GB\",\"@id\":\"https:\\\/\\\/auberge-reillanne.fr\\\/#\\\/schema\\\/logo\\\/image\\\/\",\"url\":\"https:\\\/\\\/auberge-reillanne.fr\\\/wp-content\\\/uploads\\\/2020\\\/12\\\/auberge-reillanne-logo-12-2020.png\",\"contentUrl\":\"https:\\\/\\\/auberge-reillanne.fr\\\/wp-content\\\/uploads\\\/2020\\\/12\\\/auberge-reillanne-logo-12-2020.png\",\"width\":138,\"height\":80,\"caption\":\"Auberge de Reillanne\"},\"image\":{\"@id\":\"https:\\\/\\\/auberge-reillanne.fr\\\/#\\\/schema\\\/logo\\\/image\\\/\"}}]}<\/script>\n<!-- \/ Yoast SEO plugin. -->","yoast_head_json":{"title":"Decouvrez notre Menu | Auberge de Reillanne","robots":{"index":"index","follow":"follow","max-snippet":"max-snippet:-1","max-image-preview":"max-image-preview:large","max-video-preview":"max-video-preview:-1"},"canonical":"https:\/\/auberge-reillanne.fr\/en\/menu\/","og_locale":"en_GB","og_type":"article","og_title":"Decouvrez notre Menu | Auberge de Reillanne","og_url":"https:\/\/auberge-reillanne.fr\/en\/menu\/","og_site_name":"L&#039;auberge de Reillanne","article_modified_time":"2022-05-06T07:53:31+00:00","twitter_card":"summary_large_image","schema":{"@context":"https:\/\/schema.org","@graph":[{"@type":"WebPage","@id":"https:\/\/auberge-reillanne.fr\/menu\/","url":"https:\/\/auberge-reillanne.fr\/menu\/","name":"Decouvrez notre Menu | Auberge de Reillanne","isPartOf":{"@id":"https:\/\/auberge-reillanne.fr\/#website"},"datePublished":"2022-03-23T22:01:15+00:00","dateModified":"2022-05-06T07:53:31+00:00","breadcrumb":{"@id":"https:\/\/auberge-reillanne.fr\/menu\/#breadcrumb"},"inLanguage":"en-GB","potentialAction":[{"@type":"ReadAction","target":["https:\/\/auberge-reillanne.fr\/menu\/"]}]},{"@type":"BreadcrumbList","@id":"https:\/\/auberge-reillanne.fr\/menu\/#breadcrumb","itemListElement":[{"@type":"ListItem","position":1,"name":"Accueil","item":"https:\/\/auberge-reillanne.fr\/"},{"@type":"ListItem","position":2,"name":"Menu"}]},{"@type":"WebSite","@id":"https:\/\/auberge-reillanne.fr\/#website","url":"https:\/\/auberge-reillanne.fr\/","name":"Auberge de Reillanne","description":"Restaurant et Chambres d&#039;H\u00f4tes","publisher":{"@id":"https:\/\/auberge-reillanne.fr\/#organization"},"potentialAction":[{"@type":"SearchAction","target":{"@type":"EntryPoint","urlTemplate":"https:\/\/auberge-reillanne.fr\/?s={search_term_string}"},"query-input":{"@type":"PropertyValueSpecification","valueRequired":true,"valueName":"search_term_string"}}],"inLanguage":"en-GB"},{"@type":"Organization","@id":"https:\/\/auberge-reillanne.fr\/#organization","name":"Auberge de Reillanne","url":"https:\/\/auberge-reillanne.fr\/","logo":{"@type":"ImageObject","inLanguage":"en-GB","@id":"https:\/\/auberge-reillanne.fr\/#\/schema\/logo\/image\/","url":"https:\/\/auberge-reillanne.fr\/wp-content\/uploads\/2020\/12\/auberge-reillanne-logo-12-2020.png","contentUrl":"https:\/\/auberge-reillanne.fr\/wp-content\/uploads\/2020\/12\/auberge-reillanne-logo-12-2020.png","width":138,"height":80,"caption":"Auberge de Reillanne"},"image":{"@id":"https:\/\/auberge-reillanne.fr\/#\/schema\/logo\/image\/"}}]}},"_links":{"self":[{"href":"https:\/\/auberge-reillanne.fr\/en\/wp-json\/wp\/v2\/pages\/1641","targetHints":{"allow":["GET"]}}],"collection":[{"href":"https:\/\/auberge-reillanne.fr\/en\/wp-json\/wp\/v2\/pages"}],"about":[{"href":"https:\/\/auberge-reillanne.fr\/en\/wp-json\/wp\/v2\/types\/page"}],"author":[{"embeddable":true,"href":"https:\/\/auberge-reillanne.fr\/en\/wp-json\/wp\/v2\/users\/1"}],"replies":[{"embeddable":true,"href":"https:\/\/auberge-reillanne.fr\/en\/wp-json\/wp\/v2\/comments?post=1641"}],"version-history":[{"count":10,"href":"https:\/\/auberge-reillanne.fr\/en\/wp-json\/wp\/v2\/pages\/1641\/revisions"}],"predecessor-version":[{"id":1709,"href":"https:\/\/auberge-reillanne.fr\/en\/wp-json\/wp\/v2\/pages\/1641\/revisions\/1709"}],"wp:attachment":[{"href":"https:\/\/auberge-reillanne.fr\/en\/wp-json\/wp\/v2\/media?parent=1641"}],"curies":[{"name":"wp","href":"https:\/\/api.w.org\/{rel}","templated":true}]}}