{"id":1007,"date":"2020-05-26T14:03:17","date_gmt":"2020-05-26T12:03:17","guid":{"rendered":"https:\/\/auberge-reillanne.fr\/?page_id=1007"},"modified":"2020-06-11T13:51:32","modified_gmt":"2020-06-11T11:51:32","slug":"cookies","status":"publish","type":"page","link":"https:\/\/auberge-reillanne.fr\/en\/cookies\/","title":{"rendered":"Cookies"},"content":{"rendered":"<p>A quoi servent nos cookies ?<\/p>\n<p><span style=\"color: #ffffff;\">.<\/span><\/p>\n<h2>COOKIES STRICTEMENT N\u00c9CESSAIRES \u00c0 L\u2019UTILISATION DU SERVICE DEMAND\u00c9.<\/h2>\n<p><span style=\"color: #ffffff;\">.<\/span><\/p>\n<p>Ils permettent l\u2019utilisation des principales fonctionnalit\u00e9s du site, comme le cas \u00e9ch\u00e9ant l\u2019acc\u00e8s \u00e0 votre compte personnel, ou encore de m\u00e9moriser les pr\u00e9f\u00e9rences d&rsquo;affichage de votre terminal (langue, param\u00e8tres d&rsquo;affichage) et d&rsquo;en tenir compte lors de vos visites, selon la charte graphique et les logiciels de visualisation ou de lecture de votre terminal. Ils nous permettent aussi de lier entre elles les diff\u00e9rentes pages consult\u00e9es pour vous assurer une navigation fluide ou encore d\u2019afficher des cartes interactives.<\/p>\n<p>Pour param\u00e9trer :<\/p>\n<p>Vous pouvez d\u00e9sactiver compl\u00e8tement les cookies dans votre navigateur. Dans ce cas notre site ne fonctionnera plus normalement mais vous pourrez quand m\u00eame effectuer des actions basiques.<\/p>\n<p><span style=\"color: #ffffff;\">.<\/span><\/p>\n<p><strong>1) Si vous utilisez le navigateur Internet Explorer<\/strong><\/p>\n<p>Dans Internet Explorer, cliquez sur le bouton \u00ab Outils \u00bb, puis sur \u00ab Options Internet \u00bb.<br \/>\nSous l\u2019onglet Confidentialit\u00e9 d\u00e9placez le curseur vers le haut pour bloquer tous les cookies ou vers le bas pour autoriser tous les cookies, puis cliquez sur OK.<\/p>\n<p><span style=\"color: #ffffff;\">.<\/span><\/p>\n<p><strong>2) Si vous utilisez le navigateur Firefox<\/strong><\/p>\n<p>Allez dans le menu \u00ab Outils \u00bb du navigateur puis s\u00e9lectionnez le menu \u00ab Options \u00bb<br \/>\nCliquez sur l\u2019onglet \u00ab vie priv\u00e9e \u00bb, d\u00e9cochez la case \u00ab Accepter les cookies \u00bb puis cliquez sur OK.<\/p>\n<p><span style=\"color: #ffffff;\">.<\/span><\/p>\n<p><strong>3) Si vous utilisez le navigateur Safari<\/strong><\/p>\n<p>Dans votre navigateur, choisissez le menu \u00ab \u00c9dition \u00bb puis s\u00e9lectionnez \u00ab Pr\u00e9f\u00e9rences \u00bb.<br \/>\nCliquez sur \u00ab Confidentialit\u00e9 \u00bb.<br \/>\nPositionnez le r\u00e9glage \u00ab Bloquer les cookies \u00bb sur \u00ab Toujours \u00bb puis cliquez sur OK.<\/p>\n<p><span style=\"color: #ffffff;\">.<\/span><\/p>\n<p><strong>4) Si vous utilisez le navigateur Google Chrome<\/strong><\/p>\n<p>Cliquez sur le menu Chrome dans la barre d\u2019outils du navigateur.<br \/>\nS\u00e9lectionnez \u00ab Param\u00e8tres \u00bb.<br \/>\nCliquez sur \u00ab Afficher les param\u00e8tres avanc\u00e9s \u00bb.<br \/>\nDans la section \u00ab Confidentialit\u00e9 \u00bb, cliquez sur le bouton \u00ab Param\u00e8tres de contenu \u00bb.<br \/>\nDans la section \u00ab Cookies \u00bb, s\u00e9lectionnez \u00ab Interdire \u00e0 tous les sites de stocker des donn\u00e9es \u00bb et cochez la case \u00ab Bloquer les cookies et les donn\u00e9es de site tiers \u00bb, puis cliquez sur OK.<\/p>\n<p><span style=\"color: #ffffff;\">.<\/span><\/p>\n<p><span style=\"color: #ffffff;\">.<\/span><\/p>\n<h2><span class=\"h3\">LES COOKIES TIERS<\/span><\/h2>\n<p><span style=\"color: #ffffff;\">.<\/span><\/p>\n<p>Lorsque vous acc\u00e9dez \u00e0 notre site, un ou plusieurs cookies de soci\u00e9t\u00e9s partenaires (\u00ab cookies tiers \u00bb) sont susceptibles d\u2019\u00eatre plac\u00e9s dans votre terminal.<\/p>\n<p>Nous veillons \u00e0 ce que les soci\u00e9t\u00e9s partenaires acceptent de traiter les informations collect\u00e9es sur nos sites dans le respect de la r\u00e9glementation applicable et s\u2019engagent \u00e0 mettre en \u0153uvre des mesures appropri\u00e9es de s\u00e9curisation et de protection de la confidentialit\u00e9 des donn\u00e9es.<\/p>\n<p><span style=\"color: #ffffff;\">.<\/span><\/p>\n<p>La CNIL propose par ailleurs sur son site \u00e0 l\u2019adresse&nbsp;<a href=\"http:\/\/www.cnil.fr\/vos-droits\/vos-traces\/les-cookies\/conseils-aux-internautes\" target=\"_blank\" rel=\"noopener noreferrer\">http:\/\/www.cnil.fr\/vos-droits\/vos-traces\/les-cookies\/cons<\/a><a href=\"http:\/\/www.cnil.fr\/vos-droits\/vos-traces\/les-cookies\/conseils-aux-internautes\" target=\"_blank\" rel=\"noopener noreferrer\">eils-aux-internautes<\/a>&nbsp;un large panel d\u2019outils permettant de limiter la tra\u00e7abilit\u00e9 de votre navigation sur Internet : extensions pour votre navigateur permettant de bloquer les traceurs, les boutons de partage sur les r\u00e9seaux sociaux, le chargement de ressources en provenance d\u2019autres sites\u2026<\/p>\n<p><span style=\"color: #ffffff;\">.<\/span><\/p>","protected":false},"excerpt":{"rendered":"<p>A quoi servent nos cookies ? . COOKIES STRICTEMENT N\u00c9CESSAIRES \u00c0 L\u2019UTILISATION DU SERVICE DEMAND\u00c9. . Ils permettent l\u2019utilisation des principales fonctionnalit\u00e9s du site, comme le cas \u00e9ch\u00e9ant l\u2019acc\u00e8s \u00e0 votre compte personnel, ou encore de m\u00e9moriser les pr\u00e9f\u00e9rences d&rsquo;affichage de votre terminal (langue, param\u00e8tres d&rsquo;affichage) et d&rsquo;en tenir compte lors de vos visites, selon&hellip;<\/p>","protected":false},"author":1,"featured_media":0,"parent":0,"menu_order":0,"comment_status":"closed","ping_status":"closed","template":"","meta":{"footnotes":""},"class_list":["post-1007","page","type-page","status-publish","hentry","description-off"],"yoast_head":"<!-- This site is optimized with the Yoast SEO plugin v27.5 - https:\/\/yoast.com\/product\/yoast-seo-wordpress\/ -->\n<title>Cookies - L&#039;auberge de Reillanne<\/title>\n<meta name=\"robots\" content=\"index, follow, max-snippet:-1, max-image-preview:large, max-video-preview:-1\" \/>\n<link rel=\"canonical\" href=\"https:\/\/auberge-reillanne.fr\/en\/cookies\/\" \/>\n<meta property=\"og:locale\" content=\"en_GB\" \/>\n<meta property=\"og:type\" content=\"article\" \/>\n<meta property=\"og:title\" content=\"Cookies - L&#039;auberge de Reillanne\" \/>\n<meta property=\"og:description\" content=\"A quoi servent nos cookies ? . COOKIES STRICTEMENT N\u00c9CESSAIRES \u00c0 L\u2019UTILISATION DU SERVICE DEMAND\u00c9. . Ils permettent l\u2019utilisation des principales fonctionnalit\u00e9s du site, comme le cas \u00e9ch\u00e9ant l\u2019acc\u00e8s \u00e0 votre compte personnel, ou encore de m\u00e9moriser les pr\u00e9f\u00e9rences d&rsquo;affichage de votre terminal (langue, param\u00e8tres d&rsquo;affichage) et d&rsquo;en tenir compte lors de vos visites, selon&hellip;\" \/>\n<meta property=\"og:url\" content=\"https:\/\/auberge-reillanne.fr\/en\/cookies\/\" \/>\n<meta property=\"og:site_name\" content=\"L&#039;auberge de Reillanne\" \/>\n<meta property=\"article:modified_time\" content=\"2020-06-11T11:51:32+00:00\" \/>\n<meta name=\"twitter:card\" content=\"summary_large_image\" \/>\n<script type=\"application\/ld+json\" class=\"yoast-schema-graph\">{\"@context\":\"https:\\\/\\\/schema.org\",\"@graph\":[{\"@type\":\"WebPage\",\"@id\":\"https:\\\/\\\/auberge-reillanne.fr\\\/cookies\\\/\",\"url\":\"https:\\\/\\\/auberge-reillanne.fr\\\/cookies\\\/\",\"name\":\"Cookies - L&#039;auberge de Reillanne\",\"isPartOf\":{\"@id\":\"https:\\\/\\\/auberge-reillanne.fr\\\/#website\"},\"datePublished\":\"2020-05-26T12:03:17+00:00\",\"dateModified\":\"2020-06-11T11:51:32+00:00\",\"breadcrumb\":{\"@id\":\"https:\\\/\\\/auberge-reillanne.fr\\\/cookies\\\/#breadcrumb\"},\"inLanguage\":\"en-GB\",\"potentialAction\":[{\"@type\":\"ReadAction\",\"target\":[\"https:\\\/\\\/auberge-reillanne.fr\\\/cookies\\\/\"]}]},{\"@type\":\"BreadcrumbList\",\"@id\":\"https:\\\/\\\/auberge-reillanne.fr\\\/cookies\\\/#breadcrumb\",\"itemListElement\":[{\"@type\":\"ListItem\",\"position\":1,\"name\":\"Accueil\",\"item\":\"https:\\\/\\\/auberge-reillanne.fr\\\/\"},{\"@type\":\"ListItem\",\"position\":2,\"name\":\"Cookies\"}]},{\"@type\":\"WebSite\",\"@id\":\"https:\\\/\\\/auberge-reillanne.fr\\\/#website\",\"url\":\"https:\\\/\\\/auberge-reillanne.fr\\\/\",\"name\":\"Auberge de Reillanne\",\"description\":\"Restaurant et Chambres d&#039;H\u00f4tes\",\"publisher\":{\"@id\":\"https:\\\/\\\/auberge-reillanne.fr\\\/#organization\"},\"potentialAction\":[{\"@type\":\"SearchAction\",\"target\":{\"@type\":\"EntryPoint\",\"urlTemplate\":\"https:\\\/\\\/auberge-reillanne.fr\\\/?s={search_term_string}\"},\"query-input\":{\"@type\":\"PropertyValueSpecification\",\"valueRequired\":true,\"valueName\":\"search_term_string\"}}],\"inLanguage\":\"en-GB\"},{\"@type\":\"Organization\",\"@id\":\"https:\\\/\\\/auberge-reillanne.fr\\\/#organization\",\"name\":\"Auberge de Reillanne\",\"url\":\"https:\\\/\\\/auberge-reillanne.fr\\\/\",\"logo\":{\"@type\":\"ImageObject\",\"inLanguage\":\"en-GB\",\"@id\":\"https:\\\/\\\/auberge-reillanne.fr\\\/#\\\/schema\\\/logo\\\/image\\\/\",\"url\":\"https:\\\/\\\/auberge-reillanne.fr\\\/wp-content\\\/uploads\\\/2020\\\/12\\\/auberge-reillanne-logo-12-2020.png\",\"contentUrl\":\"https:\\\/\\\/auberge-reillanne.fr\\\/wp-content\\\/uploads\\\/2020\\\/12\\\/auberge-reillanne-logo-12-2020.png\",\"width\":138,\"height\":80,\"caption\":\"Auberge de Reillanne\"},\"image\":{\"@id\":\"https:\\\/\\\/auberge-reillanne.fr\\\/#\\\/schema\\\/logo\\\/image\\\/\"}}]}<\/script>\n<!-- \/ Yoast SEO plugin. -->","yoast_head_json":{"title":"Cookies - L&#039;auberge de Reillanne","robots":{"index":"index","follow":"follow","max-snippet":"max-snippet:-1","max-image-preview":"max-image-preview:large","max-video-preview":"max-video-preview:-1"},"canonical":"https:\/\/auberge-reillanne.fr\/en\/cookies\/","og_locale":"en_GB","og_type":"article","og_title":"Cookies - L&#039;auberge de Reillanne","og_description":"A quoi servent nos cookies ? . COOKIES STRICTEMENT N\u00c9CESSAIRES \u00c0 L\u2019UTILISATION DU SERVICE DEMAND\u00c9. . Ils permettent l\u2019utilisation des principales fonctionnalit\u00e9s du site, comme le cas \u00e9ch\u00e9ant l\u2019acc\u00e8s \u00e0 votre compte personnel, ou encore de m\u00e9moriser les pr\u00e9f\u00e9rences d&rsquo;affichage de votre terminal (langue, param\u00e8tres d&rsquo;affichage) et d&rsquo;en tenir compte lors de vos visites, selon&hellip;","og_url":"https:\/\/auberge-reillanne.fr\/en\/cookies\/","og_site_name":"L&#039;auberge de Reillanne","article_modified_time":"2020-06-11T11:51:32+00:00","twitter_card":"summary_large_image","schema":{"@context":"https:\/\/schema.org","@graph":[{"@type":"WebPage","@id":"https:\/\/auberge-reillanne.fr\/cookies\/","url":"https:\/\/auberge-reillanne.fr\/cookies\/","name":"Cookies - L&#039;auberge de Reillanne","isPartOf":{"@id":"https:\/\/auberge-reillanne.fr\/#website"},"datePublished":"2020-05-26T12:03:17+00:00","dateModified":"2020-06-11T11:51:32+00:00","breadcrumb":{"@id":"https:\/\/auberge-reillanne.fr\/cookies\/#breadcrumb"},"inLanguage":"en-GB","potentialAction":[{"@type":"ReadAction","target":["https:\/\/auberge-reillanne.fr\/cookies\/"]}]},{"@type":"BreadcrumbList","@id":"https:\/\/auberge-reillanne.fr\/cookies\/#breadcrumb","itemListElement":[{"@type":"ListItem","position":1,"name":"Accueil","item":"https:\/\/auberge-reillanne.fr\/"},{"@type":"ListItem","position":2,"name":"Cookies"}]},{"@type":"WebSite","@id":"https:\/\/auberge-reillanne.fr\/#website","url":"https:\/\/auberge-reillanne.fr\/","name":"Auberge de Reillanne","description":"Restaurant et Chambres d&#039;H\u00f4tes","publisher":{"@id":"https:\/\/auberge-reillanne.fr\/#organization"},"potentialAction":[{"@type":"SearchAction","target":{"@type":"EntryPoint","urlTemplate":"https:\/\/auberge-reillanne.fr\/?s={search_term_string}"},"query-input":{"@type":"PropertyValueSpecification","valueRequired":true,"valueName":"search_term_string"}}],"inLanguage":"en-GB"},{"@type":"Organization","@id":"https:\/\/auberge-reillanne.fr\/#organization","name":"Auberge de Reillanne","url":"https:\/\/auberge-reillanne.fr\/","logo":{"@type":"ImageObject","inLanguage":"en-GB","@id":"https:\/\/auberge-reillanne.fr\/#\/schema\/logo\/image\/","url":"https:\/\/auberge-reillanne.fr\/wp-content\/uploads\/2020\/12\/auberge-reillanne-logo-12-2020.png","contentUrl":"https:\/\/auberge-reillanne.fr\/wp-content\/uploads\/2020\/12\/auberge-reillanne-logo-12-2020.png","width":138,"height":80,"caption":"Auberge de Reillanne"},"image":{"@id":"https:\/\/auberge-reillanne.fr\/#\/schema\/logo\/image\/"}}]}},"_links":{"self":[{"href":"https:\/\/auberge-reillanne.fr\/en\/wp-json\/wp\/v2\/pages\/1007","targetHints":{"allow":["GET"]}}],"collection":[{"href":"https:\/\/auberge-reillanne.fr\/en\/wp-json\/wp\/v2\/pages"}],"about":[{"href":"https:\/\/auberge-reillanne.fr\/en\/wp-json\/wp\/v2\/types\/page"}],"author":[{"embeddable":true,"href":"https:\/\/auberge-reillanne.fr\/en\/wp-json\/wp\/v2\/users\/1"}],"replies":[{"embeddable":true,"href":"https:\/\/auberge-reillanne.fr\/en\/wp-json\/wp\/v2\/comments?post=1007"}],"version-history":[{"count":4,"href":"https:\/\/auberge-reillanne.fr\/en\/wp-json\/wp\/v2\/pages\/1007\/revisions"}],"predecessor-version":[{"id":1011,"href":"https:\/\/auberge-reillanne.fr\/en\/wp-json\/wp\/v2\/pages\/1007\/revisions\/1011"}],"wp:attachment":[{"href":"https:\/\/auberge-reillanne.fr\/en\/wp-json\/wp\/v2\/media?parent=1007"}],"curies":[{"name":"wp","href":"https:\/\/api.w.org\/{rel}","templated":true}]}}